{"id":233,"date":"2024-03-20T10:01:34","date_gmt":"2024-03-20T10:01:34","guid":{"rendered":"https:\/\/asmef.it\/?page_id=233"},"modified":"2024-09-25T12:19:23","modified_gmt":"2024-09-25T12:19:23","slug":"vii-edizione","status":"publish","type":"page","link":"https:\/\/asmef.it\/index.php\/giornate-dellemigrazione\/vii-edizione\/","title":{"rendered":"VII Edizione"},"content":{"rendered":"\t\t<div data-elementor-type=\"wp-page\" data-elementor-id=\"233\" class=\"elementor elementor-233\" data-elementor-post-type=\"page\">\n\t\t\t\t<div class=\"elementor-element elementor-element-7f392b43 e-con-full e-flex e-con e-parent\" data-id=\"7f392b43\" data-element_type=\"container\" data-settings=\"{&quot;background_background&quot;:&quot;classic&quot;}\">\n\t\t\t\t<div class=\"elementor-element elementor-element-6599a8be elementor-widget elementor-widget-heading\" data-id=\"6599a8be\" data-element_type=\"widget\" data-widget_type=\"heading.default\">\n\t\t\t\t<div class=\"elementor-widget-container\">\n\t\t\t<h2 class=\"elementor-heading-title elementor-size-default\">VII edizione<\/h2>\t\t<\/div>\n\t\t\t\t<\/div>\n\t\t\t\t<\/div>\n\t\t<div class=\"elementor-element elementor-element-5a4141c5 e-flex e-con-boxed e-con e-parent\" data-id=\"5a4141c5\" data-element_type=\"container\" data-settings=\"{&quot;background_background&quot;:&quot;classic&quot;}\">\n\t\t\t\t\t<div class=\"e-con-inner\">\n\t\t<div class=\"elementor-element elementor-element-1e38c89d e-con-full e-flex e-con e-child\" data-id=\"1e38c89d\" data-element_type=\"container\" data-settings=\"{&quot;background_background&quot;:&quot;classic&quot;}\">\n\t\t\t\t<div class=\"elementor-element elementor-element-4941f2b2 elementor-icon-list--layout-traditional elementor-list-item-link-full_width elementor-widget elementor-widget-icon-list\" data-id=\"4941f2b2\" data-element_type=\"widget\" data-widget_type=\"icon-list.default\">\n\t\t\t\t<div class=\"elementor-widget-container\">\n\t\t\t\t\t<ul class=\"elementor-icon-list-items\">\n\t\t\t\t\t\t\t<li class=\"elementor-icon-list-item\">\n\t\t\t\t\t\t\t\t\t\t\t<a href=\"https:\/\/asmef.it\/wp-content\/uploads\/2024\/03\/VII_ED.pdf\">\n\n\t\t\t\t\t\t\t\t\t\t\t\t<span class=\"elementor-icon-list-icon\">\n\t\t\t\t\t\t\t<svg aria-hidden=\"true\" class=\"e-font-icon-svg e-far-file-pdf\" viewBox=\"0 0 384 512\" xmlns=\"http:\/\/www.w3.org\/2000\/svg\"><path d=\"M369.9 97.9L286 14C277 5 264.8-.1 252.1-.1H48C21.5 0 0 21.5 0 48v416c0 26.5 21.5 48 48 48h288c26.5 0 48-21.5 48-48V131.9c0-12.7-5.1-25-14.1-34zM332.1 128H256V51.9l76.1 76.1zM48 464V48h160v104c0 13.3 10.7 24 24 24h104v288H48zm250.2-143.7c-12.2-12-47-8.7-64.4-6.5-17.2-10.5-28.7-25-36.8-46.3 3.9-16.1 10.1-40.6 5.4-56-4.2-26.2-37.8-23.6-42.6-5.9-4.4 16.1-.4 38.5 7 67.1-10 23.9-24.9 56-35.4 74.4-20 10.3-47 26.2-51 46.2-3.3 15.8 26 55.2 76.1-31.2 22.4-7.4 46.8-16.5 68.4-20.1 18.9 10.2 41 17 55.8 17 25.5 0 28-28.2 17.5-38.7zm-198.1 77.8c5.1-13.7 24.5-29.5 30.4-35-19 30.3-30.4 35.7-30.4 35zm81.6-190.6c7.4 0 6.7 32.1 1.8 40.8-4.4-13.9-4.3-40.8-1.8-40.8zm-24.4 136.6c9.7-16.9 18-37 24.7-54.7 8.3 15.1 18.9 27.2 30.1 35.5-20.8 4.3-38.9 13.1-54.8 19.2zm131.6-5s-5 6-37.3-7.8c35.1-2.6 40.9 5.4 37.3 7.8z\"><\/path><\/svg>\t\t\t\t\t\t<\/span>\n\t\t\t\t\t\t\t\t\t\t<span class=\"elementor-icon-list-text\">Scarica PDF 7 Edizione<\/span>\n\t\t\t\t\t\t\t\t\t\t\t<\/a>\n\t\t\t\t\t\t\t\t\t<\/li>\n\t\t\t\t\t\t<\/ul>\n\t\t\t\t<\/div>\n\t\t\t\t<\/div>\n\t\t\t\t<\/div>\n\t\t<div class=\"elementor-element elementor-element-a766d6a e-con-full e-flex e-con e-child\" data-id=\"a766d6a\" data-element_type=\"container\" data-settings=\"{&quot;background_background&quot;:&quot;classic&quot;}\">\n\t\t\t\t<div class=\"elementor-element elementor-element-209a845 elementor-widget elementor-widget-text-editor\" data-id=\"209a845\" data-element_type=\"widget\" data-widget_type=\"text-editor.default\">\n\t\t\t\t<div class=\"elementor-widget-container\">\n\t\t\t\t\t\t\t<p>La VII Edizione delle Giornate dell&#8217;Emigrazione quest&#8217; anno \u00e8 un omaggio all&#8217; italianit\u00e0 all&#8217; estero, il titolo della rassegna \u00e8: Italiani e italianit\u00e0 oltreconfine.<br \/>Con successo di pubblico si \u00e8 conclusa la presentazione e conferenza stampa della nuova edizione mercoled\u00ec 16 Maggio presso la Camera dei Deputati, Palazzo Marini in Via Poli a Roma.<br \/>Quest&#8217;anno si affronteranno tematiche non pi\u00f9 legate ai fenomeni storici, ma a quelli contemporanei: il rapporto degli italiani all&#8217;estero con la madrepatria, la ricerca del lavoro, l&#8217;internazionalizzazione delle imprese, i giovani.<br \/>Inoltre si svolger\u00e0 una interessante competizione culinaria tra chef donna, nell&#8217;incantevole scenario dell&#8217;isola di Ischia, per omaggiare uno dei fiori all&#8217;occhiello dell&#8217;Italia oltreconfine: la cucina, con il premio Miss Chef.<br \/>E ancora, la rassegna far\u00e0 tappa nei piccoli comuni che in passato si sono &#8220;svuotati&#8221; ed hanno fatto leggenda, tra cui Ceppaloni (Bn) e Roccella Jonica (RC). Inoltre sar\u00e0 protagonista Campobasso col Premio Gran Molise, il riconoscimento ai cittadini di origine molisana all&#8217;estero.<br \/>Infine la rassegna si concluder\u00e0 a New York alla festa del Columbus Day e con un meeting presso uno degli istituti italo-americani pi\u00f9 prestigiosi in U.S.A., il Jhon D. Calandra Institute. Ultima missione, ma non meno importante, in Sudafrica, Paese africano con il maggior numero di italiani emigrati.<br \/>\u00a0<br \/>Per tutti gli appuntamenti dell&#8217; anno di Giornate dell&#8217; Emigrazione VII Edizione scarica la brochure.<\/p>\t\t\t\t\t\t<\/div>\n\t\t\t\t<\/div>\n\t\t\t\t<\/div>\n\t\t\t\t\t<\/div>\n\t\t\t\t<\/div>\n\t\t\t\t<\/div>\n\t\t","protected":false},"excerpt":{"rendered":"<p>VII edizione Scarica PDF 7 Edizione La VII Edizione delle Giornate dell&#8217;Emigrazione quest&#8217; anno \u00e8 un omaggio all&#8217; italianit\u00e0 all&#8217; estero, il titolo della rassegna \u00e8: Italiani e italianit\u00e0 oltreconfine.Con successo di pubblico si \u00e8 conclusa la presentazione e conferenza stampa della nuova edizione mercoled\u00ec 16 Maggio presso la Camera dei Deputati, Palazzo Marini in [&hellip;]<\/p>\n","protected":false},"author":1,"featured_media":0,"parent":15,"menu_order":0,"comment_status":"closed","ping_status":"closed","template":"","meta":{"footnotes":""},"_links":{"self":[{"href":"https:\/\/asmef.it\/index.php\/wp-json\/wp\/v2\/pages\/233"}],"collection":[{"href":"https:\/\/asmef.it\/index.php\/wp-json\/wp\/v2\/pages"}],"about":[{"href":"https:\/\/asmef.it\/index.php\/wp-json\/wp\/v2\/types\/page"}],"author":[{"embeddable":true,"href":"https:\/\/asmef.it\/index.php\/wp-json\/wp\/v2\/users\/1"}],"replies":[{"embeddable":true,"href":"https:\/\/asmef.it\/index.php\/wp-json\/wp\/v2\/comments?post=233"}],"version-history":[{"count":4,"href":"https:\/\/asmef.it\/index.php\/wp-json\/wp\/v2\/pages\/233\/revisions"}],"predecessor-version":[{"id":239,"href":"https:\/\/asmef.it\/index.php\/wp-json\/wp\/v2\/pages\/233\/revisions\/239"}],"up":[{"embeddable":true,"href":"https:\/\/asmef.it\/index.php\/wp-json\/wp\/v2\/pages\/15"}],"wp:attachment":[{"href":"https:\/\/asmef.it\/index.php\/wp-json\/wp\/v2\/media?parent=233"}],"curies":[{"name":"wp","href":"https:\/\/api.w.org\/{rel}","templated":true}]}}